{"id":303,"date":"2020-06-12T14:06:56","date_gmt":"2020-06-12T11:06:56","guid":{"rendered":"http:\/\/www.skbs.ro\/?page_id=303"},"modified":"2020-06-12T14:06:56","modified_gmt":"2020-06-12T11:06:56","slug":"servicii-debitare-laser-romania","status":"publish","type":"page","link":"http:\/\/www.skbs.ro\/en\/servicii-debitare-laser-romania\/","title":{"rendered":"Servicii debitare laser Romania"},"content":{"rendered":"<p class=\"qtranxs-available-languages-message qtranxs-available-languages-message-en\">Sorry, this entry is only available in <a href=\"http:\/\/www.skbs.ro\/ro\/wp-json\/wp\/v2\/pages\/303\" class=\"qtranxs-available-language-link qtranxs-available-language-link-ro\" title=\"Rom\u00e2n\u0103\">Rom\u00e2n\u0103<\/a>.Serviciile de debitare cu laser folosesc tehnologii foarte puternice si performante de fabricatie pentru ca tehnologia utilizata pentru taierea diverselor materiale este foarte avansata.<\/p>\n<p>Astfel echipa <a href=\"http:\/\/www.laserprocessing.ro\">Laser Processing Romania<\/a> iti vine acum in ajutorul tau cu <a href=\"https:\/\/laserprocessing.ro\/ro\/debitare-laser\/\">gama de servicii profesionale de debitare laser<\/a> care sa te ajute sa tai o diversitate de materiale la precizie extrema.<\/p>\n<p>Atat detaliile dar si calitatea finisajului taierii cu laser sunt incredibil de calitative, iar acest lucru face ca tehnologia de taiere cu laser sa fie foarte populara pentru producatorii autohtoni care au nevoie de piese de calitate ridicata si realizate cu precizie ridicata.<\/p>\n<p>Atat in industria aerospatiala dar si in retail sau fabrici, tehnologia de debitare cu laser este cautata pentru ca este foarte precisa si ofera viteze de taiere mari.<\/p>\n<p>Dar care sunt avantajele t\u0103ierii laser \u00een compara\u021bie cu alte metode de fabricare? \u00cen acest articol, vom analiza primele 3 beneficii ale t\u0103ierii cu laser, pentru a v\u0103 ajuta s\u0103 \u00een\u021belege\u021bi cele mai bune aplica\u021bii ale acestei tehnologii avansate de fabrica\u021bie.<\/p>\n<p>Producatorii care utilizeaza serviciile noastre de debitare laser pot sa obtina o precizie ridicata si la o calitate de top cand folosesc serviciile noastre pentru a dezvolta o gama de materiale.<\/p>\n<p>Laserele vor taia mai bine materialele pe care se lucreaza si mai rapid, fata de tehnologiile de taiere cu apa\/plasma.<\/p>\n<p>Acest lucru se \u00eent\u00e2mpl\u0103 deoarece, spre deosebire de tehnicile tradi\u021bionale de fabrica\u021bie, t\u0103ierea cu laser nu necesit\u0103 niciun fel de contact fizic cu materialul t\u0103iat. \u00cen timp ce ma\u0219inile tradi\u021bionale de t\u0103iere se pot deteriora dup\u0103 utilizarea excesiv\u0103, t\u0103ierea cu laser va oferi \u00eentotdeauna o t\u0103iere \u0219i finisare de \u00eenalt\u0103 calitate.<\/p>\n<p>Pe langa asta, versatilitatea este foarte ridicata cand vine vremea de a taia diverse materiale.<\/p>\n<p>Aceasta se datoreaza faptului ca raza laser este focusata intr-un punct precis si emana o caldura mare pentru a taia orice fel de material.<\/p>\n<p>Tehnologiile de t\u0103iere cu laser sunt extrem de focalizate la aproximativ 25 microni, ceea ce reprezint\u0103 aproximativ 1\/4 din l\u0103\u021bimea unui fir de p\u0103r uman, are o precizie de pozi\u021bionare de 10 micrometri \u0219i o repetabilitate de 5 micrometri. Acest lucru face posibil pentru a elimina cantitatea minim\u0103 de material pentru a face t\u0103iat, ajut\u00e2nd precizie \u0219i acurate\u021be.<\/p>\n<p>La t\u0103ierea cu laser, optica este alimentat\u0103 cu aer comprimat printr-un sistem cu jet disponibil cu o varietate de l\u0103\u021bimi ale duzei disponibile. Acest lucru afecteaz\u0103 procesul de t\u0103iere prin expulzarea constant\u0103 a materialului evaporat \u0219i a reziduurilor, ob\u021bin\u00e2nd o calitate mai bun\u0103 a t\u0103ierii \u0219i p\u0103str\u00e2nd optica focalizat\u0103 f\u0103r\u0103 praf. \u00cen procesele conven\u021bionale, c\u0103ldura generat\u0103 \u00een timpul t\u0103ierii poate provoca deteriorarea materialului, cum ar fi deformarea. Un alt avantaj al t\u0103ierii cu laser de mare putere este c\u0103 zona supus\u0103 c\u0103ldurii este foarte mic\u0103, ceea ce reduce riscul de deteriorare a materialului. De asemenea, ajut\u0103 la evitarea programelor de repara\u021bie \u0219i \u00eentre\u021binere costisitoare pentru piesele mobile care contacteaz\u0103 suprafa\u021ba de lucru.","protected":false},"excerpt":{"rendered":"<p>Sorry, this entry is only available in Rom\u00e2n\u0103.Serviciile de debitare cu laser folosesc tehnologii foarte puternice si performante de fabricatie [&hellip;]<\/p>\n","protected":false},"author":1,"featured_media":0,"parent":0,"menu_order":0,"comment_status":"closed","ping_status":"closed","template":"","meta":{"_exactmetrics_skip_tracking":false,"_exactmetrics_sitenote_active":false,"_exactmetrics_sitenote_note":"","_exactmetrics_sitenote_category":0,"footnotes":""},"class_list":["post-303","page","type-page","status-publish","hentry"],"_links":{"self":[{"href":"http:\/\/www.skbs.ro\/en\/wp-json\/wp\/v2\/pages\/303","targetHints":{"allow":["GET"]}}],"collection":[{"href":"http:\/\/www.skbs.ro\/en\/wp-json\/wp\/v2\/pages"}],"about":[{"href":"http:\/\/www.skbs.ro\/en\/wp-json\/wp\/v2\/types\/page"}],"author":[{"embeddable":true,"href":"http:\/\/www.skbs.ro\/en\/wp-json\/wp\/v2\/users\/1"}],"replies":[{"embeddable":true,"href":"http:\/\/www.skbs.ro\/en\/wp-json\/wp\/v2\/comments?post=303"}],"version-history":[{"count":1,"href":"http:\/\/www.skbs.ro\/en\/wp-json\/wp\/v2\/pages\/303\/revisions"}],"predecessor-version":[{"id":304,"href":"http:\/\/www.skbs.ro\/en\/wp-json\/wp\/v2\/pages\/303\/revisions\/304"}],"wp:attachment":[{"href":"http:\/\/www.skbs.ro\/en\/wp-json\/wp\/v2\/media?parent=303"}],"curies":[{"name":"wp","href":"https:\/\/api.w.org\/{rel}","templated":true}]}}